{"id":896,"date":"2021-04-10T03:52:52","date_gmt":"2021-04-10T03:52:52","guid":{"rendered":"http:\/\/bajacalifornia.inea.gob.mx\/monae\/home\/"},"modified":"2022-04-01T20:18:47","modified_gmt":"2022-04-01T20:18:47","slug":"inicio","status":"publish","type":"page","link":"http:\/\/bajacalifornia.inea.gob.mx\/monae\/","title":{"rendered":"Inicio"},"content":{"rendered":"\n<div class=\"wp-block-cover alignfull has-parallax\" style=\"background-image:url(http:\/\/bajacalifornia.inea.gob.mx\/monae\/wp-content\/uploads\/2022\/04\/SIN-BERUMEN.png);min-height:750px;aspect-ratio:unset;\"><span aria-hidden=\"true\" class=\"has-black-background-color has-background-dim-60 wp-block-cover__gradient-background has-background-dim\"><\/span><div class=\"wp-block-cover__inner-container is-layout-flow wp-block-cover-is-layout-flow\">\n<div class=\"wp-block-columns is-layout-flex wp-container-core-columns-is-layout-28f84493 wp-block-columns-is-layout-flex\">\n<div class=\"wp-block-column is-layout-flow wp-block-column-is-layout-flow\" style=\"flex-basis:10%\"><\/div>\n\n\n\n<div class=\"wp-block-column is-layout-flow wp-block-column-is-layout-flow\" style=\"flex-basis:80%\">\n<h1 class=\"has-text-align-center has-white-color has-text-color wp-block-heading\">Movimiento Nacional para la Alfabetizaci\u00f3n y la Educaci\u00f3n<\/h1>\n\n\n\n<p class=\"has-text-align-center\">El Movimiento Nacional por la Alfabetizaci\u00f3n y la Educaci\u00f3n es una estrategia impulsada por la Secretar\u00eda de Educaci\u00f3n P\u00fablica, a trav\u00e9s del Instituto Nacional para la Educaci\u00f3n de los Adultos (INEA).<\/p>\n\n\n\n<div class=\"wp-block-buttons is-layout-flex wp-block-buttons-is-layout-flex\">\n<div class=\"wp-block-button aligncenter\"><a class=\"wp-block-button__link\" href=\"http:\/\/bajacalifornia.inea.gob.mx\/monae\/que-es\/\">Leer m\u00e1s<\/a><\/div>\n<\/div>\n<\/div>\n\n\n\n<div class=\"wp-block-column is-layout-flow wp-block-column-is-layout-flow\" style=\"flex-basis:10%\"><\/div>\n<\/div>\n<\/div><\/div>\n\n\n\n<div class=\"inherit-container-width wp-block-group alignfull is-layout-constrained wp-block-group-is-layout-constrained\"><div class=\"wp-block-group__inner-container\">\n<div class=\"wp-block-cover\"><span aria-hidden=\"true\" class=\"has-ast-global-color-4-background-color has-background-dim-100 wp-block-cover__gradient-background has-background-dim\"><\/span><div class=\"wp-block-cover__inner-container is-layout-flow wp-block-cover-is-layout-flow\">\n<h2 class=\"has-text-align-center has-ast-global-color-1-color has-text-color wp-block-heading\">S\u00famate<\/h2>\n\n\n\n<div class=\"wp-block-columns is-layout-flex wp-container-core-columns-is-layout-28f84493 wp-block-columns-is-layout-flex\">\n<div class=\"wp-block-column is-layout-flow wp-block-column-is-layout-flow\">\n<figure class=\"wp-block-image size-full\"><img loading=\"lazy\" decoding=\"async\" width=\"501\" height=\"501\" src=\"http:\/\/bajacalifornia.inea.gob.mx\/monae\/wp-content\/uploads\/2022\/04\/voluntario.png\" alt=\"\" class=\"wp-image-1212\" srcset=\"http:\/\/bajacalifornia.inea.gob.mx\/monae\/wp-content\/uploads\/2022\/04\/voluntario.png 501w, http:\/\/bajacalifornia.inea.gob.mx\/monae\/wp-content\/uploads\/2022\/04\/voluntario-300x300.png 300w, http:\/\/bajacalifornia.inea.gob.mx\/monae\/wp-content\/uploads\/2022\/04\/voluntario-150x150.png 150w\" sizes=\"auto, (max-width: 501px) 100vw, 501px\" \/><\/figure>\n\n\n\n<h3 class=\"has-text-align-center has-ast-global-color-1-color has-text-color wp-block-heading\">Voluntariado<\/h3>\n\n\n\n<div class=\"wp-block-buttons is-content-justification-center is-layout-flex wp-container-core-buttons-is-layout-a89b3969 wp-block-buttons-is-layout-flex\">\n<div class=\"wp-block-button\"><a class=\"wp-block-button__link\" href=\"http:\/\/bajacalifornia.inea.gob.mx\/monae\/voluntaria\/\">Leer m\u00e1s<\/a><\/div>\n<\/div>\n<\/div>\n\n\n\n<div class=\"wp-block-column is-layout-flow wp-block-column-is-layout-flow\">\n<figure class=\"wp-block-image size-full\"><img loading=\"lazy\" decoding=\"async\" width=\"501\" height=\"501\" src=\"http:\/\/bajacalifornia.inea.gob.mx\/monae\/wp-content\/uploads\/2022\/04\/ss.png\" alt=\"\" class=\"wp-image-1213\" srcset=\"http:\/\/bajacalifornia.inea.gob.mx\/monae\/wp-content\/uploads\/2022\/04\/ss.png 501w, http:\/\/bajacalifornia.inea.gob.mx\/monae\/wp-content\/uploads\/2022\/04\/ss-300x300.png 300w, http:\/\/bajacalifornia.inea.gob.mx\/monae\/wp-content\/uploads\/2022\/04\/ss-150x150.png 150w\" sizes=\"auto, (max-width: 501px) 100vw, 501px\" \/><\/figure>\n\n\n\n<h3 class=\"has-text-align-center has-ast-global-color-1-color has-text-color wp-block-heading\">Servicio Social<\/h3>\n\n\n\n<div class=\"wp-block-buttons is-content-justification-center is-layout-flex wp-container-core-buttons-is-layout-a89b3969 wp-block-buttons-is-layout-flex\">\n<div class=\"wp-block-button\"><a class=\"wp-block-button__link\" href=\"http:\/\/bajacalifornia.inea.gob.mx\/monae\/servicio-social\/\">Leer M\u00e1s<\/a><\/div>\n<\/div>\n<\/div>\n<\/div>\n<\/div><\/div>\n<\/div><\/div>\n\n\n\n<div class=\"wp-block-cover alignfull\" style=\"min-height:630px;aspect-ratio:unset;\"><span aria-hidden=\"true\" class=\"has-ast-global-color-2-background-color has-background-dim-60 wp-block-cover__gradient-background has-background-dim\"><\/span><img loading=\"lazy\" decoding=\"async\" width=\"2560\" height=\"1707\" class=\"wp-block-cover__image-background wp-image-1215\" alt=\"\" src=\"http:\/\/bajacalifornia.inea.gob.mx\/monae\/wp-content\/uploads\/2022\/04\/IMG_9760-scaled.jpg\" data-object-fit=\"cover\" srcset=\"http:\/\/bajacalifornia.inea.gob.mx\/monae\/wp-content\/uploads\/2022\/04\/IMG_9760-scaled.jpg 2560w, http:\/\/bajacalifornia.inea.gob.mx\/monae\/wp-content\/uploads\/2022\/04\/IMG_9760-300x200.jpg 300w, http:\/\/bajacalifornia.inea.gob.mx\/monae\/wp-content\/uploads\/2022\/04\/IMG_9760-1024x683.jpg 1024w, http:\/\/bajacalifornia.inea.gob.mx\/monae\/wp-content\/uploads\/2022\/04\/IMG_9760-768x512.jpg 768w, http:\/\/bajacalifornia.inea.gob.mx\/monae\/wp-content\/uploads\/2022\/04\/IMG_9760-1536x1024.jpg 1536w, http:\/\/bajacalifornia.inea.gob.mx\/monae\/wp-content\/uploads\/2022\/04\/IMG_9760-2048x1365.jpg 2048w\" sizes=\"auto, (max-width: 2560px) 100vw, 2560px\" \/><div class=\"wp-block-cover__inner-container is-layout-flow wp-block-cover-is-layout-flow\">\n<div class=\"wp-block-uagb-info-box uagb-infobox__outer-wrap uagb-block-12ba5b05\"><div class=\"uagb-infobox__content-wrap uagb-infobox uagb-infobox-has-icon uagb-infobox-icon-above-title uagb-infobox-image-valign-top uagb-infobox-enable-border-radius \"><div class=\"uagb-ifb-left-right-wrap\"><div class=\"uagb-ifb-content\"><div class=\"uagb-ifb-title-wrap\"><h2 class=\"uagb-ifb-title\"> \u00a1Enriquece tus experiencias de vida, comparte tus conocimientos con quienes m\u00e1s lo necesitan! <\/h2><\/div><div class=\"uagb-ifb-text-wrap\"><\/div><\/div><\/div><\/div><\/div>\n<\/div><\/div>\n","protected":false},"excerpt":{"rendered":"","protected":false},"author":1,"featured_media":0,"parent":0,"menu_order":0,"comment_status":"closed","ping_status":"closed","template":"","meta":{"_uag_custom_page_level_css":"","site-sidebar-layout":"no-sidebar","site-content-layout":"plain-container","ast-global-header-display":"","ast-banner-title-visibility":"","ast-main-header-display":"","ast-hfb-above-header-display":"","ast-hfb-below-header-display":"","ast-hfb-mobile-header-display":"","site-post-title":"disabled","ast-breadcrumbs-content":"disabled","ast-featured-img":"disabled","footer-sml-layout":"","theme-transparent-header-meta":"disabled","adv-header-id-meta":"","stick-header-meta":"","header-above-stick-meta":"","header-main-stick-meta":"","header-below-stick-meta":"","footnotes":""},"class_list":["post-896","page","type-page","status-publish","hentry"],"uagb_featured_image_src":{"full":false,"thumbnail":false,"medium":false,"medium_large":false,"large":false,"1536x1536":false,"2048x2048":false},"uagb_author_info":{"display_name":"monae_difusion","author_link":"http:\/\/bajacalifornia.inea.gob.mx\/monae\/author\/monae_difusion\/"},"uagb_comment_info":0,"uagb_excerpt":null,"_links":{"self":[{"href":"http:\/\/bajacalifornia.inea.gob.mx\/monae\/wp-json\/wp\/v2\/pages\/896","targetHints":{"allow":["GET"]}}],"collection":[{"href":"http:\/\/bajacalifornia.inea.gob.mx\/monae\/wp-json\/wp\/v2\/pages"}],"about":[{"href":"http:\/\/bajacalifornia.inea.gob.mx\/monae\/wp-json\/wp\/v2\/types\/page"}],"author":[{"embeddable":true,"href":"http:\/\/bajacalifornia.inea.gob.mx\/monae\/wp-json\/wp\/v2\/users\/1"}],"replies":[{"embeddable":true,"href":"http:\/\/bajacalifornia.inea.gob.mx\/monae\/wp-json\/wp\/v2\/comments?post=896"}],"version-history":[{"count":36,"href":"http:\/\/bajacalifornia.inea.gob.mx\/monae\/wp-json\/wp\/v2\/pages\/896\/revisions"}],"predecessor-version":[{"id":1340,"href":"http:\/\/bajacalifornia.inea.gob.mx\/monae\/wp-json\/wp\/v2\/pages\/896\/revisions\/1340"}],"wp:attachment":[{"href":"http:\/\/bajacalifornia.inea.gob.mx\/monae\/wp-json\/wp\/v2\/media?parent=896"}],"curies":[{"name":"wp","href":"https:\/\/api.w.org\/{rel}","templated":true}]}}